{"id":38,"date":"2020-04-06T12:21:43","date_gmt":"2020-04-06T12:21:43","guid":{"rendered":"https:\/\/complexrec2020.aau.dk\/?page_id=38"},"modified":"2020-08-18T14:05:22","modified_gmt":"2020-08-18T14:05:22","slug":"organizers","status":"publish","type":"page","link":"https:\/\/complexrec2020.aau.dk\/?page_id=38","title":{"rendered":"Organizers"},"content":{"rendered":"\n<h3 class=\"wp-block-heading\">Workshop organizers<\/h3>\n\n\n\n<ul class=\"wp-block-list\"><li><strong>Toine Bogers<\/strong>&nbsp;(Aalborg University Copenhagen)<\/li><li><strong>Marijn Koolen<\/strong>&nbsp;(Royal Netherlands Academy of Arts &amp; Sciences)<\/li><li><strong>Bamshad Mobasher<\/strong>&nbsp;(DePaul University)<\/li><li><strong>Casper Petersen<\/strong> (SamPension)<\/li><li><strong>Alexander Tuzhilin<\/strong>&nbsp;(New York University)<\/li><\/ul>\n\n\n\n<p>&nbsp;<\/p>\n\n\n\n<h3 class=\"wp-block-heading\">Program committee<\/h3>\n\n\n\n<ul class=\"wp-block-list\"><li><strong>Panagiotis Adamopoulos<\/strong> (Emory University)<\/li><li><strong>Robin Burke<\/strong> (University of Colorado, Boulder)<\/li><li><strong>Iv\u00e1n Cantador<\/strong> (Universidad Aut\u00f3noma de Madrid)<\/li><li><strong>Pablo Castells<\/strong> (Universidad Aut\u00f3noma de Madrid)<\/li><li><strong>Paolo Cremonesi<\/strong> (Politecnico di Milano)<\/li><li><strong>Peter Dolog<\/strong> (Aalborg University)<\/li><li><strong>Fabio Gasparetti<\/strong> (Artificial Intelligence Laboratory &#8211; ROMA TRE University)<\/li><li><strong>Marco de Gemmis<\/strong> (University of Bari Aldo Moro, Dept. of Computer Science)<\/li><li><strong>Cristina<\/strong> <strong>Gena<\/strong> (Department of Computer Science, University of Torino)<\/li><li><strong>Dietmar Jannach<\/strong> (University of Klagenfurt)<\/li><li><strong>Ernesto William De Luca<\/strong> (Georg-Eckert-Institute \u2013 Leibniz-Institute for international Textbook Research)<\/li><li><strong>Cataldo Musto<\/strong> (Dipartimento di Informatica &#8211; University of Bari)<\/li><li><strong>Fedelucio Narducci<\/strong> (Politecnico di Bari)<\/li><li><strong>Tommaso Di Noia<\/strong> (Politecnico di Bari)<\/li><li><strong>Shaghayegh Sahebi<\/strong> (University at Albany &#8211; SUNY)<\/li><li><strong>Nafiseh Shabib<\/strong> (Norwegian University of Science and Technology)<\/li><\/ul>\n\n\n\n<p>&nbsp;<\/p>\n\n\n\n<h3 class=\"wp-block-heading\">Contact<\/h3>\n\n\n\n<ul class=\"wp-block-list\"><li><strong>Toine Bogers<\/strong>&nbsp;(Aalborg University Copenhagen)<\/li><\/ul>\n","protected":false},"excerpt":{"rendered":"<p>Workshop organizers Toine Bogers&nbsp;(Aalborg University Copenhagen) Marijn Koolen&nbsp;(Royal Netherlands Academy of Arts &amp; Sciences) Bamshad Mobasher&nbsp;(DePaul University) Casper Petersen (SamPension) Alexander Tuzhilin&nbsp;(New York University) &nbsp; Program committee Panagiotis Adamopoulos (Emory University) Robin Burke (University of Colorado, Boulder) Iv\u00e1n Cantador (Universidad Aut\u00f3noma de Madrid) Pablo Castells (Universidad Aut\u00f3noma de Madrid) Paolo Cremonesi (Politecnico di Milano) Peter&hellip; <br \/> <a class=\"button small blue\" href=\"https:\/\/complexrec2020.aau.dk\/?page_id=38\">Read more<\/a><\/p>\n","protected":false},"author":1,"featured_media":0,"parent":0,"menu_order":4,"comment_status":"closed","ping_status":"closed","template":"","meta":{"footnotes":""},"class_list":["post-38","page","type-page","status-publish","hentry"],"_links":{"self":[{"href":"https:\/\/complexrec2020.aau.dk\/index.php?rest_route=\/wp\/v2\/pages\/38","targetHints":{"allow":["GET"]}}],"collection":[{"href":"https:\/\/complexrec2020.aau.dk\/index.php?rest_route=\/wp\/v2\/pages"}],"about":[{"href":"https:\/\/complexrec2020.aau.dk\/index.php?rest_route=\/wp\/v2\/types\/page"}],"author":[{"embeddable":true,"href":"https:\/\/complexrec2020.aau.dk\/index.php?rest_route=\/wp\/v2\/users\/1"}],"replies":[{"embeddable":true,"href":"https:\/\/complexrec2020.aau.dk\/index.php?rest_route=%2Fwp%2Fv2%2Fcomments&post=38"}],"version-history":[{"count":11,"href":"https:\/\/complexrec2020.aau.dk\/index.php?rest_route=\/wp\/v2\/pages\/38\/revisions"}],"predecessor-version":[{"id":111,"href":"https:\/\/complexrec2020.aau.dk\/index.php?rest_route=\/wp\/v2\/pages\/38\/revisions\/111"}],"wp:attachment":[{"href":"https:\/\/complexrec2020.aau.dk\/index.php?rest_route=%2Fwp%2Fv2%2Fmedia&parent=38"}],"curies":[{"name":"wp","href":"https:\/\/api.w.org\/{rel}","templated":true}]}}